{"id":197,"date":"2023-01-06T03:57:09","date_gmt":"2023-01-06T03:57:09","guid":{"rendered":"https:\/\/gaviaspreview.com\/wp\/modins\/?page_id=197"},"modified":"2025-11-18T16:04:58","modified_gmt":"2025-11-18T16:04:58","slug":"credit-immobilier","status":"publish","type":"page","link":"https:\/\/24horaskrd.com\/de\/services\/credit-immobilier\/","title":{"rendered":"Hypothekendarlehen"},"content":{"rendered":"<div data-elementor-type=\"wp-page\" data-elementor-id=\"197\" class=\"elementor elementor-197\">\n\t\t\t\t\t\t<section class=\"elementor-section elementor-top-section elementor-element elementor-element-261b289 elementor-section-boxed elementor-section-height-default elementor-section-height-default\" data-id=\"261b289\" data-element_type=\"section\" data-settings=\"{&quot;background_background&quot;:&quot;slideshow&quot;,&quot;background_slideshow_gallery&quot;:[{&quot;id&quot;:177,&quot;url&quot;:&quot;https:\\\/\\\/gaviaspreview.com\\\/wp\\\/modins\\\/wp-content\\\/uploads\\\/2023\\\/01\\\/breadcrumb-01.jpg&quot;},{&quot;id&quot;:178,&quot;url&quot;:&quot;https:\\\/\\\/gaviaspreview.com\\\/wp\\\/modins\\\/wp-content\\\/uploads\\\/2023\\\/01\\\/breadcrumb-02.jpg&quot;}],&quot;background_slideshow_ken_burns&quot;:&quot;yes&quot;,&quot;background_slideshow_loop&quot;:&quot;yes&quot;,&quot;background_slideshow_slide_duration&quot;:5000,&quot;background_slideshow_slide_transition&quot;:&quot;fade&quot;,&quot;background_slideshow_transition_duration&quot;:500,&quot;background_slideshow_ken_burns_zoom_direction&quot;:&quot;in&quot;}\">\n\t\t\t\t\t\t<div class=\"elementor-container elementor-column-gap-default\">\n\t\t\t\t\t<div class=\"elementor-column elementor-col-100 elementor-top-column elementor-element elementor-element-344e16b\" data-id=\"344e16b\" data-element_type=\"column\">\n\t\t\t<div class=\"elementor-widget-wrap elementor-element-populated\">\n\t\t\t\t\t\t<div class=\"elementor-element elementor-element-1283840 elementor-widget elementor-widget-gva-heading-block\" data-id=\"1283840\" data-element_type=\"widget\" data-widget_type=\"gva-heading-block.default\">\n\t\t\t\t<div class=\"elementor-widget-container\">\n\t\t\t\t\t<div class=\"gva-element-gva-heading-block gva-element\">   <div class=\"align-left style-1 widget gsc-heading box-align-left auto-responsive\">\r\n      <div class=\"content-inner\">\r\n         \r\n                  \r\n           \r\n         \r\n                     <h2 class=\"title\">\r\n               <span>Hypotheken<\/span>\r\n            <\/h2>\r\n                  \r\n         \r\n         \r\n      <\/div>\r\n   <\/div>\r\n<\/div>\t\t\t\t<\/div>\n\t\t\t\t<\/div>\n\t\t\t\t\t<\/div>\n\t\t<\/div>\n\t\t\t\t\t<\/div>\n\t\t<\/section>\n\t\t\t\t<section class=\"elementor-section elementor-top-section elementor-element elementor-element-bdcf0b0 elementor-section-boxed elementor-section-height-default elementor-section-height-default\" data-id=\"bdcf0b0\" data-element_type=\"section\">\n\t\t\t\t\t\t<div class=\"elementor-container elementor-column-gap-default\">\n\t\t\t\t\t<div class=\"elementor-column elementor-col-50 elementor-top-column elementor-element elementor-element-d1136a8\" data-id=\"d1136a8\" data-element_type=\"column\">\n\t\t\t<div class=\"elementor-widget-wrap elementor-element-populated\">\n\t\t\t\t\t\t<section class=\"elementor-section elementor-inner-section elementor-element elementor-element-9f81c49 elementor-section-boxed elementor-section-height-default elementor-section-height-default\" data-id=\"9f81c49\" data-element_type=\"section\" data-settings=\"{&quot;background_background&quot;:&quot;classic&quot;}\">\n\t\t\t\t\t\t\t<div class=\"elementor-background-overlay\"><\/div>\n\t\t\t\t\t\t\t<div class=\"elementor-container elementor-column-gap-default\">\n\t\t\t\t\t<div class=\"elementor-column elementor-col-100 elementor-inner-column elementor-element elementor-element-ac92466\" data-id=\"ac92466\" data-element_type=\"column\">\n\t\t\t<div class=\"elementor-widget-wrap elementor-element-populated\">\n\t\t\t\t\t\t<div class=\"elementor-element elementor-element-02d1ce6 elementor-view-stacked elementor-shape-circle elementor-position-top elementor-mobile-position-top elementor-widget elementor-widget-icon-box\" data-id=\"02d1ce6\" data-element_type=\"widget\" data-widget_type=\"icon-box.default\">\n\t\t\t\t\t\t\t<div class=\"elementor-icon-box-wrapper\">\n\n\t\t\t\t\t\t<div class=\"elementor-icon-box-icon\">\n\t\t\t\t<span  class=\"elementor-icon\">\n\t\t\t\t<i aria-hidden=\"true\" class=\"micon__phone-call\"><\/i>\t\t\t\t<\/span>\n\t\t\t<\/div>\n\t\t\t\n\t\t\t\t\t\t<div class=\"elementor-icon-box-content\">\n\n\t\t\t\t\t\t\t\t\t<h3 class=\"elementor-icon-box-title\">\n\t\t\t\t\t\t<span  >\n\t\t\t\t\t\t\t24 Stunden Gutschrift\t\t\t\t\t\t<\/span>\n\t\t\t\t\t<\/h3>\n\t\t\t\t\n\t\t\t\t\n\t\t\t<\/div>\n\t\t\t\n\t\t<\/div>\n\t\t\t\t\t\t<\/div>\n\t\t\t\t\t<\/div>\n\t\t<\/div>\n\t\t\t\t\t<\/div>\n\t\t<\/section>\n\t\t\t\t\t<\/div>\n\t\t<\/div>\n\t\t\t\t<div class=\"elementor-column elementor-col-50 elementor-top-column elementor-element elementor-element-a94572c\" data-id=\"a94572c\" data-element_type=\"column\">\n\t\t\t<div class=\"elementor-widget-wrap elementor-element-populated\">\n\t\t\t\t\t\t<div class=\"elementor-element elementor-element-44aa6e3 elementor-widget elementor-widget-gva-gallery\" data-id=\"44aa6e3\" data-element_type=\"widget\" data-widget_type=\"gva-gallery.default\">\n\t\t\t\t<div class=\"elementor-widget-container\">\n\t\t\t\t\t<div class=\"gva-element-gva-gallery gva-element\">\r\n<div class=\"gva-gallery-carousel swiper-slider-wrapper style-1\">\r\n\t<div class=\"swiper-content-inner\">\r\n   \t<div class=\"init-carousel-swiper swiper\" data-carousel=\"{&quot;items&quot;:1,&quot;items_lg&quot;:1,&quot;items_md&quot;:1,&quot;items_sm&quot;:1,&quot;items_xs&quot;:1,&quot;items_xx&quot;:1,&quot;effect&quot;:&quot;slide&quot;,&quot;space_between&quot;:30,&quot;loop&quot;:1,&quot;speed&quot;:600,&quot;autoplay&quot;:1,&quot;autoplay_delay&quot;:4500,&quot;autoplay_hover&quot;:1,&quot;navigation&quot;:1,&quot;pagination&quot;:0,&quot;dynamic_bullets&quot;:0,&quot;pagination_type&quot;:&quot;bullets&quot;}\">\r\n      \t<div class=\"swiper-wrapper\">\r\n\t\t\t\t<div class=\"swiper-slide item\"><div class=\"gallery-one__single\"><div class=\"gallery-one__image\"><img decoding=\"async\" src=\"https:\/\/24horaskrd.com\/wp-content\/uploads\/2023\/01\/image-15.jpg\" alt=\"VR Ears Software\" \/><\/div><a class=\"gallery-one__photo photo-gallery\" href=\"https:\/\/gaviaspreview.com\/wp\/modins\/wp-content\/uploads\/2023\/01\/image-15.jpg\" data-elementor-lightbox-slideshow=\"gallery-3rqa\"><\/a><div class=\"gallery-one__content\"><div class=\"gallery-one__content-inner\"><h3 class=\"gallery-one__title\">VR-Ohren-Software<\/h3><div class=\"gallery-one__sub-title\">Technologie<\/div><\/div><\/div><\/div><\/div><div class=\"swiper-slide item\"><div class=\"gallery-one__single\"><div class=\"gallery-one__image\"><img decoding=\"async\" src=\"https:\/\/24horaskrd.com\/wp-content\/uploads\/2023\/01\/image-17.jpg\" alt=\"Smart Audio\" \/><\/div><a class=\"gallery-one__photo photo-gallery\" href=\"https:\/\/gaviaspreview.com\/wp\/modins\/wp-content\/uploads\/2023\/01\/image-17.jpg\" data-elementor-lightbox-slideshow=\"gallery-3rqa\"><\/a><div class=\"gallery-one__content\"><div class=\"gallery-one__content-inner\"><h3 class=\"gallery-one__title\">Smart Audio<\/h3><div class=\"gallery-one__sub-title\">Videos<\/div><\/div><\/div><\/div><\/div><div class=\"swiper-slide item\"><div class=\"gallery-one__single\"><div class=\"gallery-one__image\"><img decoding=\"async\" src=\"https:\/\/24horaskrd.com\/wp-content\/uploads\/2023\/01\/image-16.jpg\" alt=\"Game Studio\" \/><\/div><a class=\"gallery-one__photo photo-gallery\" href=\"https:\/\/gaviaspreview.com\/wp\/modins\/wp-content\/uploads\/2023\/01\/image-16.jpg\" data-elementor-lightbox-slideshow=\"gallery-3rqa\"><\/a><div class=\"gallery-one__content\"><div class=\"gallery-one__content-inner\"><h3 class=\"gallery-one__title\">Spielstudio<\/h3><div class=\"gallery-one__sub-title\">Spiel<\/div><\/div><\/div><\/div><\/div>\t\t\t<\/div>\r\n\t\t<\/div>\r\n\t<\/div>\r\n\t<div class=\"swiper-pagination\"><\/div>   <div class=\"swiper-nav-next\"><\/div><div class=\"swiper-nav-prev\"><\/div><\/div>\r\n<\/div>\t\t\t\t<\/div>\n\t\t\t\t<\/div>\n\t\t\t\t<div class=\"elementor-element elementor-element-2d9b458 elementor-widget elementor-widget-heading\" data-id=\"2d9b458\" data-element_type=\"widget\" data-widget_type=\"heading.default\">\n\t\t\t\t\t<h2 class=\"elementor-heading-title elementor-size-default\">Ihr Weg zum Eigenheim<\/h2>\t\t\t\t<\/div>\n\t\t\t\t<div class=\"elementor-element elementor-element-81cf5dd elementor-widget elementor-widget-text-editor\" data-id=\"81cf5dd\" data-element_type=\"widget\" data-widget_type=\"text-editor.default\">\n\t\t\t\t\t\t\t\t\t<p>Der Kauf eines Eigenheims ist eine der wichtigsten finanziellen Entscheidungen Ihres Lebens. Die Hypotheken der Citi Group machen den Traum vom Eigenheim leichter zug\u00e4nglich und bieten Ihnen eine Vielzahl von Finanzierungsm\u00f6glichkeiten, die zu Ihrem Budget und Ihren Zielen passen. Ob Sie zum ersten Mal ein Haus kaufen oder eine Umschuldung planen \u2013 wir bieten Ihnen wettbewerbsf\u00e4hige Zinsen und flexible Konditionen, damit Sie die optimale Hypothek f\u00fcr Ihre Bed\u00fcrfnisse finden.<\/p>\t\t\t\t\t\t\t\t<\/div>\n\t\t\t\t<div class=\"elementor-element elementor-element-9150832 elementor-widget elementor-widget-heading\" data-id=\"9150832\" data-element_type=\"widget\" data-widget_type=\"heading.default\">\n\t\t\t\t\t<h2 class=\"elementor-heading-title elementor-size-default\">Hauptmerkmale<\/h2>\t\t\t\t<\/div>\n\t\t\t\t<div class=\"elementor-element elementor-element-26a51a6 elementor-icon-list--layout-traditional elementor-list-item-link-full_width elementor-widget elementor-widget-icon-list\" data-id=\"26a51a6\" data-element_type=\"widget\" data-widget_type=\"icon-list.default\">\n\t\t\t\t\t\t\t<ul class=\"elementor-icon-list-items\">\n\t\t\t\t\t\t\t<li class=\"elementor-icon-list-item\">\n\t\t\t\t\t\t\t\t\t\t\t<span class=\"elementor-icon-list-icon\">\n\t\t\t\t\t\t\t<i aria-hidden=\"true\" class=\"fas fa-arrow-circle-right\"><\/i>\t\t\t\t\t\t<\/span>\n\t\t\t\t\t\t\t\t\t\t<span class=\"elementor-icon-list-text\">Hypothekenoptionen mit festem und variablem Zinssatz <\/span>\n\t\t\t\t\t\t\t\t\t<\/li>\n\t\t\t\t\t\t\t\t<li class=\"elementor-icon-list-item\">\n\t\t\t\t\t\t\t\t\t\t\t<span class=\"elementor-icon-list-icon\">\n\t\t\t\t\t\t\t<i aria-hidden=\"true\" class=\"fas fa-arrow-circle-right\"><\/i>\t\t\t\t\t\t<\/span>\n\t\t\t\t\t\t\t\t\t\t<span class=\"elementor-icon-list-text\">Flexible Kreditlaufzeiten (15, 20, 30 Jahre) <\/span>\n\t\t\t\t\t\t\t\t\t<\/li>\n\t\t\t\t\t\t\t\t<li class=\"elementor-icon-list-item\">\n\t\t\t\t\t\t\t\t\t\t\t<span class=\"elementor-icon-list-icon\">\n\t\t\t\t\t\t\t<i aria-hidden=\"true\" class=\"fas fa-arrow-circle-right\"><\/i>\t\t\t\t\t\t<\/span>\n\t\t\t\t\t\t\t\t\t\t<span class=\"elementor-icon-list-text\">Schneller und unkomplizierter Bewerbungsprozess <\/span>\n\t\t\t\t\t\t\t\t\t<\/li>\n\t\t\t\t\t\t\t\t<li class=\"elementor-icon-list-item\">\n\t\t\t\t\t\t\t\t\t\t\t<span class=\"elementor-icon-list-icon\">\n\t\t\t\t\t\t\t<i aria-hidden=\"true\" class=\"fas fa-arrow-circle-right\"><\/i>\t\t\t\t\t\t<\/span>\n\t\t\t\t\t\t\t\t\t\t<span class=\"elementor-icon-list-text\">Fachkundige Beratung w\u00e4hrend des gesamten Online-Shopping-Prozesses <\/span>\n\t\t\t\t\t\t\t\t\t<\/li>\n\t\t\t\t\t\t<\/ul>\n\t\t\t\t\t\t<\/div>\n\t\t\t\t<div class=\"elementor-element elementor-element-3a0afdf elementor-widget elementor-widget-text-editor\" data-id=\"3a0afdf\" data-element_type=\"widget\" data-widget_type=\"text-editor.default\">\n\t\t\t\t\t\t\t\t\t<p>\u00a0<\/p><p>Unsere Hypothekenexperten unterst\u00fctzen Sie bei jedem Schritt, von der Vorqualifizierung bis zum Abschluss, und sorgen daf\u00fcr, dass Sie die beste Darlehensstruktur finden, die zu Ihrer finanziellen Zukunft passt.<\/p>\t\t\t\t\t\t\t\t<\/div>\n\t\t\t\t\t<\/div>\n\t\t<\/div>\n\t\t\t\t\t<\/div>\n\t\t<\/section>\n\t\t\t\t<\/div>","protected":false},"excerpt":{"rendered":"<p>Pr\u00eats hypoth\u00e9caires 24 Horas Kredit VR Ears Software Technology Smart Audio Videos Game Studio Game Votre chemin vers l&#8217;accession \u00e0 la propri\u00e9t\u00e9 L\u2019achat d\u2019une maison est l\u2019une des plus grandes [&hellip;]<\/p>","protected":false},"author":1,"featured_media":0,"parent":37,"menu_order":0,"comment_status":"closed","ping_status":"closed","template":"","meta":{"footnotes":""},"class_list":["post-197","page","type-page","status-publish","hentry"],"_hostinger_reach_plugin_has_subscription_block":false,"_hostinger_reach_plugin_is_elementor":false,"_links":{"self":[{"href":"https:\/\/24horaskrd.com\/de\/wp-json\/wp\/v2\/pages\/197","targetHints":{"allow":["GET"]}}],"collection":[{"href":"https:\/\/24horaskrd.com\/de\/wp-json\/wp\/v2\/pages"}],"about":[{"href":"https:\/\/24horaskrd.com\/de\/wp-json\/wp\/v2\/types\/page"}],"author":[{"embeddable":true,"href":"https:\/\/24horaskrd.com\/de\/wp-json\/wp\/v2\/users\/1"}],"replies":[{"embeddable":true,"href":"https:\/\/24horaskrd.com\/de\/wp-json\/wp\/v2\/comments?post=197"}],"version-history":[{"count":4,"href":"https:\/\/24horaskrd.com\/de\/wp-json\/wp\/v2\/pages\/197\/revisions"}],"predecessor-version":[{"id":705,"href":"https:\/\/24horaskrd.com\/de\/wp-json\/wp\/v2\/pages\/197\/revisions\/705"}],"up":[{"embeddable":true,"href":"https:\/\/24horaskrd.com\/de\/wp-json\/wp\/v2\/pages\/37"}],"wp:attachment":[{"href":"https:\/\/24horaskrd.com\/de\/wp-json\/wp\/v2\/media?parent=197"}],"curies":[{"name":"wp","href":"https:\/\/api.w.org\/{rel}","templated":true}]}}