{"id":39,"date":"2022-12-19T02:32:23","date_gmt":"2022-12-19T02:32:23","guid":{"rendered":"https:\/\/gaviaspreview.com\/wp\/modins\/?page_id=39"},"modified":"2025-11-26T13:24:47","modified_gmt":"2025-11-26T13:24:47","slug":"temoignages","status":"publish","type":"page","link":"https:\/\/24horaskrd.com\/es\/temoignages\/","title":{"rendered":"Testimonios"},"content":{"rendered":"<div data-elementor-type=\"wp-page\" data-elementor-id=\"39\" class=\"elementor elementor-39\">\n\t\t\t\t\t\t<section class=\"elementor-section elementor-top-section elementor-element elementor-element-2d30f5f elementor-section-boxed elementor-section-height-default elementor-section-height-default\" data-id=\"2d30f5f\" data-element_type=\"section\" data-settings=\"{&quot;background_background&quot;:&quot;slideshow&quot;,&quot;background_slideshow_gallery&quot;:[{&quot;id&quot;:177,&quot;url&quot;:&quot;https:\\\/\\\/gaviaspreview.com\\\/wp\\\/modins\\\/wp-content\\\/uploads\\\/2023\\\/01\\\/breadcrumb-01.jpg&quot;},{&quot;id&quot;:178,&quot;url&quot;:&quot;https:\\\/\\\/gaviaspreview.com\\\/wp\\\/modins\\\/wp-content\\\/uploads\\\/2023\\\/01\\\/breadcrumb-02.jpg&quot;}],&quot;background_slideshow_ken_burns&quot;:&quot;yes&quot;,&quot;background_slideshow_loop&quot;:&quot;yes&quot;,&quot;background_slideshow_slide_duration&quot;:5000,&quot;background_slideshow_slide_transition&quot;:&quot;fade&quot;,&quot;background_slideshow_transition_duration&quot;:500,&quot;background_slideshow_ken_burns_zoom_direction&quot;:&quot;in&quot;}\">\n\t\t\t\t\t\t<div class=\"elementor-container elementor-column-gap-default\">\n\t\t\t\t\t<div class=\"elementor-column elementor-col-100 elementor-top-column elementor-element elementor-element-c9528bd\" data-id=\"c9528bd\" data-element_type=\"column\">\n\t\t\t<div class=\"elementor-widget-wrap elementor-element-populated\">\n\t\t\t\t\t\t<div class=\"elementor-element elementor-element-6934e51 elementor-widget elementor-widget-gva-heading-block\" data-id=\"6934e51\" data-element_type=\"widget\" data-widget_type=\"gva-heading-block.default\">\n\t\t\t\t<div class=\"elementor-widget-container\">\n\t\t\t\t\t<div class=\"gva-element-gva-heading-block gva-element\">   <div class=\"align-left style-1 widget gsc-heading box-align-left auto-responsive\">\r\n      <div class=\"content-inner\">\r\n         \r\n                  \r\n           \r\n         \r\n                     <h2 class=\"title\">\r\n               <span>Testimonios<\/span>\r\n            <\/h2>\r\n                  \r\n                     <div class=\"title-desc\">Descubra los testimonios de nuestros clientes que comparten su experiencia con 24 Horas Kredit<\/div>\r\n         \r\n         \r\n      <\/div>\r\n   <\/div>\r\n<\/div>\t\t\t\t<\/div>\n\t\t\t\t<\/div>\n\t\t\t\t\t<\/div>\n\t\t<\/div>\n\t\t\t\t\t<\/div>\n\t\t<\/section>\n\t\t\t\t<section class=\"elementor-section elementor-top-section elementor-element elementor-element-5ecd907 elementor-section-boxed elementor-section-height-default elementor-section-height-default\" data-id=\"5ecd907\" data-element_type=\"section\" data-settings=\"{&quot;background_background&quot;:&quot;classic&quot;}\">\n\t\t\t\t\t\t<div class=\"elementor-container elementor-column-gap-default\">\n\t\t\t\t\t<div class=\"elementor-column elementor-col-100 elementor-top-column elementor-element elementor-element-5ba25f5\" data-id=\"5ba25f5\" data-element_type=\"column\">\n\t\t\t<div class=\"elementor-widget-wrap elementor-element-populated\">\n\t\t\t\t\t\t<div class=\"elementor-element elementor-element-d7b68f5 elementor-widget elementor-widget-gva-heading-block\" data-id=\"d7b68f5\" data-element_type=\"widget\" data-widget_type=\"gva-heading-block.default\">\n\t\t\t\t<div class=\"elementor-widget-container\">\n\t\t\t\t\t<div class=\"gva-element-gva-heading-block gva-element\">   <div class=\"align-center style-1 widget gsc-heading box-align-center auto-responsive\">\r\n      <div class=\"content-inner\">\r\n         \r\n                  \r\n         <div class=\"sub-title\"><span class=\"tagline\">Testimonios<\/span><\/div>  \r\n         \r\n                     <h2 class=\"title\">\r\n               <span>Lo que dicen nuestros clientes satisfechos<\/span>\r\n            <\/h2>\r\n                  \r\n         \r\n         \r\n      <\/div>\r\n   <\/div>\r\n<\/div>\t\t\t\t<\/div>\n\t\t\t\t<\/div>\n\t\t\t\t<div class=\"elementor-element elementor-element-6b8b93c elementor-widget elementor-widget-gva-testimonials\" data-id=\"6b8b93c\" data-element_type=\"widget\" data-widget_type=\"gva-testimonials.default\">\n\t\t\t\t<div class=\"elementor-widget-container\">\n\t\t\t\t\t<div class=\"gva-element-gva-testimonials gva-element\">\r\n<div class=\"gsc-testimonial layout-grid style-3\">\r\n\t<div class=\"lg-block-grid-2 md-block-grid-2 sm-block-grid-2 xs-block-grid-1 xx-block-grid-1\">\r\n\t\t\t\t\t\r\n\t\t\t<div class=\"item-columns\">\r\n\t\t\t\t<div class=\"testimonial-item style-3 elementor-repeater-item-dfdd2d2\">\r\n   \r\n     \r\n\r\n     \r\n\r\n         <div class=\"testimonial-three__single\">\r\n         <div class=\"testimonial-three__content\">\r\n            <span class=\"testimonial-three__quote-icon\"><i class=\"micon__quote\"><\/i><\/span>\r\n            <div class=\"testimonial-three__meta\">\r\n               <div class=\"testimonial-three__meta-left\">\r\n                  <div class=\"testimonial-three__image\"><img decoding=\"async\" width=\"200\" height=\"200\" src=\"https:\/\/24horaskrd.com\/wp-content\/plugins\/modins-themer\/elementor\/assets\/images\/testimonial.jpg\" alt=\"Christine Eve\" \/><\/div>               <\/div>\r\n               <div class=\"testimonial-three__meta-right\">\r\n                  <div class=\"testimonial-three__stars\">\r\n                     <i class=\"fa fa-star\"><\/i>\r\n                     <i class=\"fa fa-star\"><\/i>\r\n                     <i class=\"fa fa-star\"><\/i>\r\n                     <i class=\"fa fa-star\"><\/i>\r\n                     <i class=\"fa fa-star\"><\/i>\r\n                  <\/div>\r\n                  <h4 class=\"testimonial-three__name\">Christine Eve<\/h4>\r\n                  <div class=\"testimonial-three__job\"><\/div>\r\n               <\/div>   \r\n            <\/div>\r\n\r\n            <div class=\"testimonial-three__quote\">\r\n               Buscaba un pr\u00e9stamo r\u00e1pido para gastos inesperados. 24 Horas Kredit me ofreci\u00f3 una soluci\u00f3n adaptada a mis necesidades en tiempo r\u00e9cord. Estoy sumamente agradecido por su ayuda.                <span class=\"arrow\"><\/span>\r\n            <\/div>\r\n            \r\n         <\/div>\r\n      <\/div>\r\n    \r\n\r\n<\/div>\r\n\r\n\t\t\t<\/div>\r\n\r\n\t\t\t\t\t\r\n\t\t\t<div class=\"item-columns\">\r\n\t\t\t\t<div class=\"testimonial-item style-3 elementor-repeater-item-e8f3849\">\r\n   \r\n     \r\n\r\n     \r\n\r\n         <div class=\"testimonial-three__single\">\r\n         <div class=\"testimonial-three__content\">\r\n            <span class=\"testimonial-three__quote-icon\"><i class=\"micon__quote\"><\/i><\/span>\r\n            <div class=\"testimonial-three__meta\">\r\n               <div class=\"testimonial-three__meta-left\">\r\n                  <div class=\"testimonial-three__image\"><img fetchpriority=\"high\" decoding=\"async\" width=\"450\" height=\"299\" src=\"https:\/\/24horaskrd.com\/wp-content\/uploads\/2025\/11\/649-07238897en_Masterfile.jpg\" alt=\"Kevin Smith\" \/><\/div>               <\/div>\r\n               <div class=\"testimonial-three__meta-right\">\r\n                  <div class=\"testimonial-three__stars\">\r\n                     <i class=\"fa fa-star\"><\/i>\r\n                     <i class=\"fa fa-star\"><\/i>\r\n                     <i class=\"fa fa-star\"><\/i>\r\n                     <i class=\"fa fa-star\"><\/i>\r\n                     <i class=\"fa fa-star\"><\/i>\r\n                  <\/div>\r\n                  <h4 class=\"testimonial-three__name\">Kevin Smith<\/h4>\r\n                  <div class=\"testimonial-three__job\"><\/div>\r\n               <\/div>   \r\n            <\/div>\r\n\r\n            <div class=\"testimonial-three__quote\">\r\n               24 Horas Kredit facilit\u00f3 enormemente la obtenci\u00f3n de un pr\u00e9stamo. El proceso fue transparente y pude financiar mi negocio en un abrir y cerrar de ojos. Estoy impresionado por su eficiencia.                <span class=\"arrow\"><\/span>\r\n            <\/div>\r\n            \r\n         <\/div>\r\n      <\/div>\r\n    \r\n\r\n<\/div>\r\n\r\n\t\t\t<\/div>\r\n\r\n\t\t\t\t\t\r\n\t\t\t<div class=\"item-columns\">\r\n\t\t\t\t<div class=\"testimonial-item style-3 elementor-repeater-item-09dc105\">\r\n   \r\n     \r\n\r\n     \r\n\r\n         <div class=\"testimonial-three__single\">\r\n         <div class=\"testimonial-three__content\">\r\n            <span class=\"testimonial-three__quote-icon\"><i class=\"micon__quote\"><\/i><\/span>\r\n            <div class=\"testimonial-three__meta\">\r\n               <div class=\"testimonial-three__meta-left\">\r\n                  <div class=\"testimonial-three__image\"><img decoding=\"async\" width=\"1200\" height=\"627\" src=\"https:\/\/24horaskrd.com\/wp-content\/uploads\/2025\/11\/68011b25c639d5e235ace3ac_get-client-testimonials.jpg\" alt=\"Antonio dyve\" \/><\/div>               <\/div>\r\n               <div class=\"testimonial-three__meta-right\">\r\n                  <div class=\"testimonial-three__stars\">\r\n                     <i class=\"fa fa-star\"><\/i>\r\n                     <i class=\"fa fa-star\"><\/i>\r\n                     <i class=\"fa fa-star\"><\/i>\r\n                     <i class=\"fa fa-star\"><\/i>\r\n                     <i class=\"fa fa-star\"><\/i>\r\n                  <\/div>\r\n                  <h4 class=\"testimonial-three__name\">Antonio Dyve<\/h4>\r\n                  <div class=\"testimonial-three__job\"><\/div>\r\n               <\/div>   \r\n            <\/div>\r\n\r\n            <div class=\"testimonial-three__quote\">\r\n               Obtener un pr\u00e9stamo con 24 Horas Kredit fue una experiencia sin estr\u00e9s. Su plataforma es intuitiva y las tasas de inter\u00e9s son competitivas. Estoy muy contento de haber elegido esta empresa para mi pr\u00e9stamo personal.                <span class=\"arrow\"><\/span>\r\n            <\/div>\r\n            \r\n         <\/div>\r\n      <\/div>\r\n    \r\n\r\n<\/div>\r\n\r\n\t\t\t<\/div>\r\n\r\n\t\t\t\t\t\r\n\t\t\t<div class=\"item-columns\">\r\n\t\t\t\t<div class=\"testimonial-item style-3 elementor-repeater-item-3d3b0c1\">\r\n   \r\n     \r\n\r\n     \r\n\r\n         <div class=\"testimonial-three__single\">\r\n         <div class=\"testimonial-three__content\">\r\n            <span class=\"testimonial-three__quote-icon\"><i class=\"micon__quote\"><\/i><\/span>\r\n            <div class=\"testimonial-three__meta\">\r\n               <div class=\"testimonial-three__meta-left\">\r\n                  <div class=\"testimonial-three__image\"><img loading=\"lazy\" decoding=\"async\" width=\"390\" height=\"280\" src=\"https:\/\/24horaskrd.com\/wp-content\/uploads\/2025\/11\/happy-beautiful-head-shot-portrait-260nw-2595657701.webp\" alt=\"Jessica Brown\" \/><\/div>               <\/div>\r\n               <div class=\"testimonial-three__meta-right\">\r\n                  <div class=\"testimonial-three__stars\">\r\n                     <i class=\"fa fa-star\"><\/i>\r\n                     <i class=\"fa fa-star\"><\/i>\r\n                     <i class=\"fa fa-star\"><\/i>\r\n                     <i class=\"fa fa-star\"><\/i>\r\n                     <i class=\"fa fa-star\"><\/i>\r\n                  <\/div>\r\n                  <h4 class=\"testimonial-three__name\">Jessica Brown<\/h4>\r\n                  <div class=\"testimonial-three__job\"><\/div>\r\n               <\/div>   \r\n            <\/div>\r\n\r\n            <div class=\"testimonial-three__quote\">\r\n               \u00a1El servicio al cliente de 24 Horas Kredit es excelente! Respondieron a todas mis preguntas con paciencia y profesionalismo. Mi pr\u00e9stamo fue aprobado r\u00e1pidamente y estoy muy satisfecho con toda la experiencia.                <span class=\"arrow\"><\/span>\r\n            <\/div>\r\n            \r\n         <\/div>\r\n      <\/div>\r\n    \r\n\r\n<\/div>\r\n\r\n\t\t\t<\/div>\r\n\r\n\t\t\t\t\t\r\n\t\t\t<div class=\"item-columns\">\r\n\t\t\t\t<div class=\"testimonial-item style-3 elementor-repeater-item-2395c50\">\r\n   \r\n     \r\n\r\n     \r\n\r\n         <div class=\"testimonial-three__single\">\r\n         <div class=\"testimonial-three__content\">\r\n            <span class=\"testimonial-three__quote-icon\"><i class=\"micon__quote\"><\/i><\/span>\r\n            <div class=\"testimonial-three__meta\">\r\n               <div class=\"testimonial-three__meta-left\">\r\n                  <div class=\"testimonial-three__image\"><img loading=\"lazy\" decoding=\"async\" width=\"612\" height=\"408\" src=\"https:\/\/24horaskrd.com\/wp-content\/uploads\/2025\/11\/istockphoto-1230749818-612x612-1.jpg\" alt=\"Thomas Ziegfield\" \/><\/div>               <\/div>\r\n               <div class=\"testimonial-three__meta-right\">\r\n                  <div class=\"testimonial-three__stars\">\r\n                     <i class=\"fa fa-star\"><\/i>\r\n                     <i class=\"fa fa-star\"><\/i>\r\n                     <i class=\"fa fa-star\"><\/i>\r\n                     <i class=\"fa fa-star\"><\/i>\r\n                     <i class=\"fa fa-star\"><\/i>\r\n                  <\/div>\r\n                  <h4 class=\"testimonial-three__name\">Thomas Ziegfield<\/h4>\r\n                  <div class=\"testimonial-three__job\"><\/div>\r\n               <\/div>   \r\n            <\/div>\r\n\r\n            <div class=\"testimonial-three__quote\">\r\n               Necesitaba un pr\u00e9stamo r\u00e1pido para financiar mi proyecto de renovaci\u00f3n. 24 Horas Kredit fue incre\u00edblemente r\u00e1pido y el proceso fue sencillo. \u00a1Recomiendo ampliamente sus servicios!                <span class=\"arrow\"><\/span>\r\n            <\/div>\r\n            \r\n         <\/div>\r\n      <\/div>\r\n    \r\n\r\n<\/div>\r\n\r\n\t\t\t<\/div>\r\n\r\n\t\t\t\t\t\r\n\t\t\t<div class=\"item-columns\">\r\n\t\t\t\t<div class=\"testimonial-item style-3 elementor-repeater-item-5420430\">\r\n   \r\n     \r\n\r\n     \r\n\r\n         <div class=\"testimonial-three__single\">\r\n         <div class=\"testimonial-three__content\">\r\n            <span class=\"testimonial-three__quote-icon\"><i class=\"micon__quote\"><\/i><\/span>\r\n            <div class=\"testimonial-three__meta\">\r\n               <div class=\"testimonial-three__meta-left\">\r\n                  <div class=\"testimonial-three__image\"><img loading=\"lazy\" decoding=\"async\" width=\"300\" height=\"300\" src=\"https:\/\/24horaskrd.com\/wp-content\/uploads\/2025\/11\/Matt-T-Testimonial-pic.jpg\" alt=\"Matt T.\" \/><\/div>               <\/div>\r\n               <div class=\"testimonial-three__meta-right\">\r\n                  <div class=\"testimonial-three__stars\">\r\n                     <i class=\"fa fa-star\"><\/i>\r\n                     <i class=\"fa fa-star\"><\/i>\r\n                     <i class=\"fa fa-star\"><\/i>\r\n                     <i class=\"fa fa-star\"><\/i>\r\n                     <i class=\"fa fa-star\"><\/i>\r\n                  <\/div>\r\n                  <h4 class=\"testimonial-three__name\">Matt T.<\/h4>\r\n                  <div class=\"testimonial-three__job\"><\/div>\r\n               <\/div>   \r\n            <\/div>\r\n\r\n            <div class=\"testimonial-three__quote\">\r\n               Hab\u00eda desistido de pedir un pr\u00e9stamo porque todos los bancos rechazaron mi solicitud; de hecho, mi banco me puso en la lista negra. Pero un d\u00eda, un amigo me recomend\u00f3 esta entidad crediticia privada y me dio el enlace del sitio web. Decid\u00ed intentarlo y obtuve mi pr\u00e9stamo, que ahora me permite vivir c\u00f3modamente y realizar mis pagos mensuales con regularidad.                <span class=\"arrow\"><\/span>\r\n            <\/div>\r\n            \r\n         <\/div>\r\n      <\/div>\r\n    \r\n\r\n<\/div>\r\n\r\n\t\t\t<\/div>\r\n\r\n\t\t\t<\/div>   \r\n<\/div>\r\n<\/div>\t\t\t\t<\/div>\n\t\t\t\t<\/div>\n\t\t\t\t\t<\/div>\n\t\t<\/div>\n\t\t\t\t\t<\/div>\n\t\t<\/section>\n\t\t\t\t<section class=\"elementor-section elementor-top-section elementor-element elementor-element-4a9aa8a elementor-section-boxed elementor-section-height-default elementor-section-height-default\" data-id=\"4a9aa8a\" data-element_type=\"section\" data-settings=\"{&quot;background_background&quot;:&quot;gradient&quot;}\">\n\t\t\t\t\t\t<div class=\"elementor-container elementor-column-gap-default\">\n\t\t\t\t\t<div class=\"elementor-column elementor-col-50 elementor-top-column elementor-element elementor-element-fede075\" data-id=\"fede075\" data-element_type=\"column\">\n\t\t\t<div class=\"elementor-widget-wrap elementor-element-populated\">\n\t\t\t\t\t\t<div class=\"elementor-element elementor-element-c79a58e elementor-position-left icon-box-left elementor-view-default elementor-mobile-position-top elementor-widget elementor-widget-icon-box\" data-id=\"c79a58e\" data-element_type=\"widget\" data-widget_type=\"icon-box.default\">\n\t\t\t\t\t\t\t<div class=\"elementor-icon-box-wrapper\">\n\n\t\t\t\t\t\t<div class=\"elementor-icon-box-icon\">\n\t\t\t\t<span  class=\"elementor-icon\">\n\t\t\t\t<i aria-hidden=\"true\" class=\"micon__folder\"><\/i>\t\t\t\t<\/span>\n\t\t\t<\/div>\n\t\t\t\n\t\t\t\t\t\t<div class=\"elementor-icon-box-content\">\n\n\t\t\t\t\t\t\t\t\t<h3 class=\"elementor-icon-box-title\">\n\t\t\t\t\t\t<span  >\n\t\t\t\t\t\t\t\u00bfNecesita cr\u00e9dito urgentemente? \t\t\t\t\t\t<\/span>\n\t\t\t\t\t<\/h3>\n\t\t\t\t\n\t\t\t\t\t\t\t\t\t<p class=\"elementor-icon-box-description\">\n\t\t\t\t\t\t\u00a1Cont\u00e1ctanos ahora!\t\t\t\t\t<\/p>\n\t\t\t\t\n\t\t\t<\/div>\n\t\t\t\n\t\t<\/div>\n\t\t\t\t\t\t<\/div>\n\t\t\t\t\t<\/div>\n\t\t<\/div>\n\t\t\t\t<div class=\"elementor-column elementor-col-50 elementor-top-column elementor-element elementor-element-4f5236e\" data-id=\"4f5236e\" data-element_type=\"column\">\n\t\t\t<div class=\"elementor-widget-wrap elementor-element-populated\">\n\t\t\t\t\t\t<div class=\"elementor-element elementor-element-31b56b7 elementor-widget__width-auto elementor-widget elementor-widget-html\" data-id=\"31b56b7\" data-element_type=\"widget\" data-widget_type=\"html.default\">\n\t\t\t\t\t<a class=\"btn-white\" href=\"https:\/\/24horaskrd.com\/es\/contact\/\">\n    Solicitar un pr\u00e9stamo\n<\/a>\t\t\t\t<\/div>\n\t\t\t\t\t<\/div>\n\t\t<\/div>\n\t\t\t\t\t<\/div>\n\t\t<\/section>\n\t\t\t\t<\/div>","protected":false},"excerpt":{"rendered":"<p>T\u00e9moignages D\u00e9couvrez les t\u00e9moignages de nos clients qui partagent leur exp\u00e9rience avec 24 Horas Kredit T\u00e9moignages Ce que disent nos clients satisfaits Christine Eve Je cherchais un pr\u00eat rapide pour [&hellip;]<\/p>","protected":false},"author":1,"featured_media":0,"parent":0,"menu_order":0,"comment_status":"closed","ping_status":"closed","template":"","meta":{"footnotes":""},"class_list":["post-39","page","type-page","status-publish","hentry"],"_hostinger_reach_plugin_has_subscription_block":false,"_hostinger_reach_plugin_is_elementor":false,"_links":{"self":[{"href":"https:\/\/24horaskrd.com\/es\/wp-json\/wp\/v2\/pages\/39","targetHints":{"allow":["GET"]}}],"collection":[{"href":"https:\/\/24horaskrd.com\/es\/wp-json\/wp\/v2\/pages"}],"about":[{"href":"https:\/\/24horaskrd.com\/es\/wp-json\/wp\/v2\/types\/page"}],"author":[{"embeddable":true,"href":"https:\/\/24horaskrd.com\/es\/wp-json\/wp\/v2\/users\/1"}],"replies":[{"embeddable":true,"href":"https:\/\/24horaskrd.com\/es\/wp-json\/wp\/v2\/comments?post=39"}],"version-history":[{"count":28,"href":"https:\/\/24horaskrd.com\/es\/wp-json\/wp\/v2\/pages\/39\/revisions"}],"predecessor-version":[{"id":809,"href":"https:\/\/24horaskrd.com\/es\/wp-json\/wp\/v2\/pages\/39\/revisions\/809"}],"wp:attachment":[{"href":"https:\/\/24horaskrd.com\/es\/wp-json\/wp\/v2\/media?parent=39"}],"curies":[{"name":"wp","href":"https:\/\/api.w.org\/{rel}","templated":true}]}}